{"id":3111,"date":"2025-09-10T18:43:26","date_gmt":"2025-09-10T16:43:26","guid":{"rendered":"https:\/\/antheusadvisors.com\/points-of-view\/"},"modified":"2025-09-10T22:48:21","modified_gmt":"2025-09-10T20:48:21","slug":"points-of-view","status":"publish","type":"page","link":"https:\/\/antheusadvisors.com\/en\/points-of-view\/","title":{"rendered":"Points of view"},"content":{"rendered":"<p>[et_pb_section fb_built=&#8221;1&#8243; admin_label=&#8221;Features&#8221; _builder_version=&#8221;4.27.4&#8243; _module_preset=&#8221;74c69059-8e69-4122-b1e6-dfeabf6c5711&#8243; use_background_color_gradient=&#8221;on&#8221; background_color_gradient_stops=&#8221;rgba(255,255,255,0) 0%|#00205b 100%&#8221; background_color_gradient_overlays_image=&#8221;on&#8221; background_color_gradient_start=&#8221;rgba(0,0,0,0.5)&#8221; background_color_gradient_end=&#8221;rgba(0,0,0,0.75)&#8221; background_image=&#8221;https:\/\/antheusadvisors.com\/wp-content\/uploads\/2025\/09\/Points-de-vue-3-scaled.png&#8221; custom_padding=&#8221;8%||0px||false|false&#8221; locked=&#8221;off&#8221; collapsed=&#8221;on&#8221; global_colors_info=&#8221;{}&#8221;][et_pb_row _builder_version=&#8221;4.27.4&#8243; _module_preset=&#8221;5138c454-be54-4233-bd3b-f8e6a8747976&#8243; locked=&#8221;off&#8221; global_colors_info=&#8221;{}&#8221;][et_pb_column type=&#8221;4_4&#8243; _builder_version=&#8221;4.16&#8243; _module_preset=&#8221;73121f80-a3ef-4484-8763-c3f18e3c56d2&#8243; global_colors_info=&#8221;{}&#8221;][et_pb_heading title=&#8221;Points of view&#8221; _builder_version=&#8221;4.27.4&#8243; _module_preset=&#8221;f0c675ea-2574-4d0e-b725-30f8550a8550&#8243; title_level=&#8221;h4&#8243; title_font=&#8221;Poppins|Poppins_weight||on|||||&#8221; title_text_color=&#8221;#FFFFFF&#8221; title_font_size=&#8221;14px&#8221; title_letter_spacing=&#8221;1px&#8221; title_line_height=&#8221;1.4em&#8221; custom_margin=&#8221;||10px||false|false&#8221; title_font_size_tablet=&#8221;13px&#8221; title_font_size_phone=&#8221;13px&#8221; title_font_size_last_edited=&#8221;on|desktop&#8221; locked=&#8221;off&#8221; global_colors_info=&#8221;{}&#8221;][\/et_pb_heading][et_pb_heading title=&#8221;deciphering transformations&#8221; _builder_version=&#8221;4.24.2&#8243; _module_preset=&#8221;ddeb8c09-9078-4424-bc15-2efb6572e28e&#8221; title_font=&#8221;Poppins|Poppins_weight|||||||&#8221; title_text_color=&#8221;#FFFFFF&#8221; title_font_size=&#8221;72px&#8221; title_line_height=&#8221;1.15em&#8221; title_font_size_tablet=&#8221;40px&#8221; title_font_size_phone=&#8221;24px&#8221; title_font_size_last_edited=&#8221;on|phone&#8221; locked=&#8221;off&#8221; global_colors_info=&#8221;{}&#8221;][\/et_pb_heading][et_pb_text quote_border_color=&#8221;#FFFFFF&#8221; _builder_version=&#8221;4.27.4&#8243; _module_preset=&#8221;0504de1e-f5ff-4281-ba60-cbbe4edf98bc&#8221; text_font=&#8221;Poppins|Poppins_weight|||||||&#8221; text_text_color=&#8221;#FFFFFF&#8221; text_font_size=&#8221;16px&#8221; text_line_height=&#8221;1.75em&#8221; link_font=&#8221;||||on||||&#8221; link_text_color=&#8221;#FFFFFF&#8221; quote_font=&#8221;Poppins|Poppins_weight|||||||&#8221; quote_text_color=&#8221;#FFFFFF&#8221; header_font=&#8221;Poppins|Poppins_weight|||||||&#8221; header_text_color=&#8221;#FFFFFF&#8221; header_font_size=&#8221;72px&#8221; header_line_height=&#8221;1.15em&#8221; header_2_font=&#8221;Poppins|Poppins_weight|||||||&#8221; header_2_text_color=&#8221;#FFFFFF&#8221; header_2_font_size=&#8221;50px&#8221; header_2_line_height=&#8221;1.2em&#8221; header_3_font=&#8221;Poppins|Poppins_weight|||||||&#8221; header_3_text_color=&#8221;#FFFFFF&#8221; header_3_font_size=&#8221;32px&#8221; header_3_line_height=&#8221;1.3em&#8221; header_4_font=&#8221;Poppins|Poppins_weight|||||||&#8221; header_4_text_color=&#8221;#FFFFFF&#8221; header_4_font_size=&#8221;24px&#8221; header_4_line_height=&#8221;1.4em&#8221; header_5_font=&#8221;Poppins|Poppins_weight|||||||&#8221; header_5_text_color=&#8221;#FFFFFF&#8221; header_5_font_size=&#8221;18px&#8221; header_5_line_height=&#8221;1.4em&#8221; header_6_font=&#8221;Poppins|Poppins_weight|||||||&#8221; header_6_text_color=&#8221;#FFFFFF&#8221; header_6_line_height=&#8221;1.5em&#8221; custom_margin=&#8221;||||false|false&#8221; text_font_size_tablet=&#8221;15px&#8221; text_font_size_phone=&#8221;14px&#8221; text_font_size_last_edited=&#8221;on|phone&#8221; header_font_size_tablet=&#8221;40px&#8221; header_font_size_phone=&#8221;24px&#8221; header_font_size_last_edited=&#8221;on|desktop&#8221; header_2_font_size_tablet=&#8221;28px&#8221; header_2_font_size_phone=&#8221;20px&#8221; header_2_font_size_last_edited=&#8221;on|phone&#8221; header_3_font_size_tablet=&#8221;22px&#8221; header_3_font_size_phone=&#8221;17px&#8221; header_3_font_size_last_edited=&#8221;on|phone&#8221; header_4_font_size_tablet=&#8221;18px&#8221; header_4_font_size_phone=&#8221;15px&#8221; header_4_font_size_last_edited=&#8221;on|tablet&#8221; header_5_font_size_tablet=&#8221;15px&#8221; header_5_font_size_phone=&#8221;14px&#8221; header_5_font_size_last_edited=&#8221;on|desktop&#8221; header_6_font_size_tablet=&#8221;13px&#8221; header_6_font_size_phone=&#8221;13px&#8221; header_6_font_size_last_edited=&#8221;on|desktop&#8221; locked=&#8221;off&#8221; global_colors_info=&#8221;{}&#8221;]<\/p>\n<p data-start=\"410\" data-end=\"680\">Our points of view analyze the strategic, organizational and human changes that are reshaping the company. We share key insights to help you make the right decisions and boost your performance drivers. <\/p>\n<p data-start=\"410\" data-end=\"680\">We take a clear stand on economic and organizational challenges. Far from soft consensus, these analyses fuel debate, provoke thought and inspire action. And they illustrate why and how we develop an Amplified Enterprise approach.  <\/p>\n<p>[\/et_pb_text][et_pb_button button_url=&#8221;@ET-DC@eyJkeW5hbWljIjp0cnVlLCJjb250ZW50IjoicG9zdF9saW5rX3VybF9hdHRhY2htZW50Iiwic2V0dGluZ3MiOnsicG9zdF9pZCI6IjIyOTIifX0=@&#8221; url_new_window=&#8221;on&#8221; button_text=&#8221;Download the firm&#8217;s presentation&#8221; _builder_version=&#8221;4.27.4&#8243; _dynamic_attributes=&#8221;button_url&#8221; _module_preset=&#8221;ab15fb74-61a3-43aa-96b3-41e09aeef654&#8243; custom_button=&#8221;on&#8221; button_text_size=&#8221;14px&#8221; button_text_color=&#8221;gcid-primary-color&#8221; button_bg_color=&#8221;#FFFFFF&#8221; button_border_width=&#8221;0px&#8221; button_border_radius=&#8221;100px&#8221; button_font=&#8221;Poppins|700|||||||&#8221; custom_padding=&#8221;12px|24px|12px|24px|true|true&#8221; hover_enabled=&#8221;0&#8243; saved_tabs=&#8221;all&#8221; locked=&#8221;off&#8221; global_colors_info=&#8221;{}&#8221; sticky_enabled=&#8221;0&#8243;][\/et_pb_button][\/et_pb_column][\/et_pb_row][et_pb_row make_equal=&#8221;on&#8221; _builder_version=&#8221;4.27.4&#8243; _module_preset=&#8221;5138c454-be54-4233-bd3b-f8e6a8747976&#8243; background_color=&#8221;#FFFFFF&#8221; min_height=&#8221;141px&#8221; custom_margin=&#8221;8%||||false|false&#8221; custom_padding=&#8221;0px||0px||true|false&#8221; border_radii=&#8221;off||6px||&#8221; border_radii_tablet=&#8221;off||6px||&#8221; border_radii_phone=&#8221;off||6px||&#8221; border_radii_last_edited=&#8221;on|desktop&#8221; box_shadow_style=&#8221;preset4&#8243; box_shadow_horizontal=&#8221;-31vw&#8221; box_shadow_vertical=&#8221;0px&#8221; box_shadow_color=&#8221;#FFFFFF&#8221; global_colors_info=&#8221;{}&#8221;][et_pb_column type=&#8221;4_4&#8243; _builder_version=&#8221;4.16&#8243; _module_preset=&#8221;73121f80-a3ef-4484-8763-c3f18e3c56d2&#8243; custom_padding=&#8221;30px||||false|false&#8221; custom_padding_tablet=&#8221;40px|20px|40px||true|false&#8221; custom_padding_phone=&#8221;30px||30px||true|true&#8221; custom_padding_last_edited=&#8221;off|desktop&#8221; global_colors_info=&#8221;{}&#8221;][et_pb_blurb title=&#8221;POINTS OF VIEW&#8221; icon_placement=&#8221;left&#8221; image_icon_width=&#8221;24px&#8221; content_max_width=&#8221;100%&#8221; _builder_version=&#8221;4.27.4&#8243; _module_preset=&#8221;1ea53d41-9439-472c-8d8b-7bddb3bf9444&#8243; header_level=&#8221;h2&#8243; header_font=&#8221;|Poppins_weight|||||||&#8221; header_text_align=&#8221;left&#8221; header_text_color=&#8221;#666666&#8243; header_font_size=&#8221;50px&#8221; header_line_height=&#8221;1.2em&#8221; body_font=&#8221;Poppins|Poppins_weight|||||||&#8221; body_text_color=&#8221;gcid-body-color&#8221; body_line_height=&#8221;1.75em&#8221; body_link_text_color=&#8221;gcid-primary-color&#8221; custom_padding=&#8221;|5px||5px|false|false&#8221; animation=&#8221;off&#8221; header_font_size_tablet=&#8221;13px&#8221; header_font_size_phone=&#8221;13px&#8221; header_font_size_last_edited=&#8221;off|desktop&#8221; body_font_size_tablet=&#8221;15px&#8221; body_font_size_phone=&#8221;14px&#8221; body_font_size_last_edited=&#8221;off|desktop&#8221; overflow-x_tablet=&#8221;&#8221; overflow-x_phone=&#8221;auto&#8221; overflow-x_last_edited=&#8221;on|desktop&#8221; border_radii_image=&#8221;on|6px|6px|6px|6px&#8221; global_colors_info=&#8221;{}&#8221;][\/et_pb_blurb][et_pb_text _builder_version=&#8221;4.27.4&#8243; _module_preset=&#8221;default&#8221; custom_margin=&#8221;||20px||false|false&#8221; custom_padding=&#8221;|5px||5px|false|false&#8221; global_colors_info=&#8221;{}&#8221;]<\/p>\n<p data-start=\"261\" data-end=\"509\">At Antheus, we are convinced that a company can only be sustainably transformed by amplifying all its assets. It is this vision &#8211; that of the <strong>Amplified Organization <\/strong>&#8211; that guides both our missions and our positions. <\/p>\n<p data-start=\"511\" data-end=\"879\">The <strong>Points of view<\/strong> section brings together our analyses and views on the major issues that are reshaping the balance of organizations: how to reinvent the customer and employee experience, develop offerings and business models, streamline processes and operating modes, strengthen organization and know-how to create more value.<\/p>\n<p data-start=\"881\" data-end=\"1142\">These articles are an extension of our <a href=\"https:\/\/antheusadvisors.com\/en\/antheus\/amplified-organization-observatory\/\"><strong>Amplified Organization Observatory<\/strong><\/a> They shed light on strategic choices, stimulate collective reflection and provide concrete perspectives for amplifying corporate performance and resilience.<\/p>\n<p data-start=\"1144\" data-end=\"1407\">Through these points of view, we take a committed approach: going beyond the obvious, crossing points of view and giving relief to transformations, in order to help leaders project their organization into a balanced, responsible and competitive future.<\/p>\n<p>[\/et_pb_text][\/et_pb_column][\/et_pb_row][et_pb_row module_class=&#8221;colonnes-egales&#8221; _builder_version=&#8221;4.27.4&#8243; _module_preset=&#8221;default&#8221; background_color=&#8221;#FFFFFF&#8221; min_height=&#8221;398.2px&#8221; custom_margin=&#8221;0%||||false|false&#8221; custom_padding=&#8221;0px||0px||true|false&#8221; border_radii=&#8221;off||||&#8221; border_radii_tablet=&#8221;off||6px||&#8221; border_radii_phone=&#8221;off||6px||&#8221; border_radii_last_edited=&#8221;on|desktop&#8221; box_shadow_style=&#8221;preset4&#8243; box_shadow_horizontal=&#8221;-31vw&#8221; box_shadow_vertical=&#8221;0px&#8221; box_shadow_color=&#8221;#FFFFFF&#8221; locked=&#8221;off&#8221; global_colors_info=&#8221;{}&#8221;][et_pb_column type=&#8221;4_4&#8243; _builder_version=&#8221;4.27.4&#8243; _module_preset=&#8221;default&#8221; global_colors_info=&#8221;{}&#8221;][et_pb_blog fullwidth=&#8221;off&#8221; posts_number=&#8221;100&#8243; include_categories=&#8221;28&#8243; meta_date=&#8221;j M Y&#8221; excerpt_length=&#8221;100&#8243; show_more=&#8221;on&#8221; show_author=&#8221;off&#8221; show_categories=&#8221;off&#8221; _builder_version=&#8221;4.27.4&#8243; _module_preset=&#8221;default&#8221; header_text_align=&#8221;left&#8221; header_text_color=&#8221;#666666&#8243; header_font_size=&#8221;14px&#8221; body_text_color=&#8221;#303030&#8243; body_line_height=&#8221;1.4em&#8221; meta_text_align=&#8221;left&#8221; meta_text_color=&#8221;#666666&#8243; read_more_font=&#8221;|700|||||||&#8221; read_more_text_color=&#8221;#4C6C9C&#8221; pagination_text_color=&#8221;#303030&#8243; pagination_font_size=&#8221;12px&#8221; text_orientation=&#8221;left&#8221; custom_padding=&#8221;|5px||5px|false|false&#8221; border_radii_image=&#8221;off|6px|6px||&#8221; global_colors_info=&#8221;{}&#8221;][\/et_pb_blog][\/et_pb_column][\/et_pb_row][\/et_pb_section][et_pb_section fb_built=&#8221;1&#8243; fullwidth=&#8221;on&#8221; disabled_on=&#8221;off|off|off&#8221; _builder_version=&#8221;4.27.4&#8243; _module_preset=&#8221;default&#8221; display_conditions=&#8221;W3siaWQiOiIwNjkyZWExMC1lZjdiLTQ0ZjAtYjgzNy01OWJlYzk3MzVlOWIiLCJjb25kaXRpb24iOiJwYWdlIiwiY29uZGl0aW9uU2V0dGluZ3MiOnsiZGlzcGxheVJ1bGUiOiJpc05vdCIsImR5bmFtaWNQb3N0cyI6W3sibGFiZWwiOiJOb3VzIHJlam9pbmRyZSIsInZhbHVlIjoiMTk3MiJ9LHsibGFiZWwiOiJQcm9jZXNzdXMgZGUgcmVjcnV0ZW1lbnQiLCJ2YWx1ZSI6IjE5ODAifSx7ImxhYmVsIjoiVmllIGR1IGNhYmluZXQiLCJ2YWx1ZSI6IjE5NzYifSx7ImxhYmVsIjoiT2ZmcmVzIGQnZW1wbG9pIiwidmFsdWUiOiIxOTg0In1dLCJwb3N0VHlwZUxhYmVsIjoiUGFnZXMiLCJhZG1pbkxhYmVsIjoiUGFnZXMiLCJlbmFibGVDb25kaXRpb24iOiJvbiJ9LCJvcGVyYXRvciI6Ik9SIn1d&#8221; saved_tabs=&#8221;all&#8221; global_colors_info=&#8221;{}&#8221;][et_pb_fullwidth_header title=&#8221;Want to find out more about Antheus and our services? Contact us now! &#8221; button_one_text=&#8221;Send us a message&#8221; button_one_url=&#8221;mailto:contact@antheusadvisors.com&#8221; button_two_text=&#8221;Call us on +33 6 42 13 69 31&#8243; button_two_url=&#8221;tel:+33642136931&#8243; _builder_version=&#8221;4.27.4&#8243; _module_preset=&#8221;default&#8221; custom_button_one=&#8221;on&#8221; button_one_text_size=&#8221;16px&#8221; button_one_text_color=&#8221;#00205B&#8221; button_one_bg_color=&#8221;#FFFFFF&#8221; button_one_border_width=&#8221;0px&#8221; button_one_border_color=&#8221;#FFFFFF&#8221; button_one_border_radius=&#8221;100px&#8221; button_one_font=&#8221;&#8211;et_global_body_font|700|||||||&#8221; button_one_icon=&#8221;&#x35;||divi||400&#8243; custom_button_two=&#8221;on&#8221; button_two_text_size=&#8221;16px&#8221; button_two_text_color=&#8221;#00205B&#8221; button_two_bg_color=&#8221;#FFFFFF&#8221; button_two_border_width=&#8221;0px&#8221; button_two_border_color=&#8221;#FFFFFF&#8221; button_two_border_radius=&#8221;100px&#8221; button_two_font=&#8221;&#8211;et_global_body_font|700|||||||&#8221; button_two_icon=&#8221;&#x35;||divi||400&#8243; global_colors_info=&#8221;{}&#8221;][\/et_pb_fullwidth_header][\/et_pb_section]<\/p>\n","protected":false},"excerpt":{"rendered":"<p>Our points of view analyze the strategic, organizational and human changes that are reshaping the company. We share key insights to help you make the right decisions and boost your performance drivers. We take a clear stand on economic and organizational challenges. Far from soft consensus, these analyses fuel debate, provoke thought and inspire action. [&hellip;]<\/p>\n","protected":false},"author":1,"featured_media":3081,"parent":0,"menu_order":5,"comment_status":"closed","ping_status":"closed","template":"","meta":{"_et_pb_use_builder":"on","_et_pb_old_content":"","_et_gb_content_width":"","footnotes":""},"class_list":["post-3111","page","type-page","status-publish","has-post-thumbnail","hentry"],"yoast_head":"<!-- This site is optimized with the Yoast SEO plugin v27.4 - https:\/\/yoast.com\/product\/yoast-seo-wordpress\/ -->\n<title>Points of view - Antheus Advisors<\/title>\n<meta name=\"description\" content=\"Antheus shares its analyses and positions on major transformation issues. Inspire your decisions with our insights.\" \/>\n<meta name=\"robots\" content=\"index, follow, max-snippet:-1, max-image-preview:large, max-video-preview:-1\" \/>\n<link rel=\"canonical\" href=\"https:\/\/antheusadvisors.com\/en\/points-of-view\/\" \/>\n<meta property=\"og:locale\" content=\"en_US\" \/>\n<meta property=\"og:type\" content=\"article\" \/>\n<meta property=\"og:title\" content=\"Points of view - Antheus Advisors\" \/>\n<meta property=\"og:description\" content=\"Antheus shares its analyses and positions on major transformation issues. Inspire your decisions with our insights.\" \/>\n<meta property=\"og:url\" content=\"https:\/\/antheusadvisors.com\/en\/points-of-view\/\" \/>\n<meta property=\"og:site_name\" content=\"Antheus Advisors\" \/>\n<meta property=\"article:modified_time\" content=\"2025-09-10T20:48:21+00:00\" \/>\n<meta property=\"og:image\" content=\"https:\/\/antheusadvisors.com\/wp-content\/uploads\/2025\/09\/Points-de-vue-3-1024x683.png\" \/>\n\t<meta property=\"og:image:width\" content=\"1024\" \/>\n\t<meta property=\"og:image:height\" content=\"683\" \/>\n\t<meta property=\"og:image:type\" content=\"image\/png\" \/>\n<meta name=\"twitter:card\" content=\"summary_large_image\" \/>\n<meta name=\"twitter:label1\" content=\"Est. reading time\" \/>\n\t<meta name=\"twitter:data1\" content=\"8 minutes\" \/>\n<script type=\"application\/ld+json\" class=\"yoast-schema-graph\">{\"@context\":\"https:\\\/\\\/schema.org\",\"@graph\":[{\"@type\":\"WebPage\",\"@id\":\"https:\\\/\\\/antheusadvisors.com\\\/en\\\/points-of-view\\\/\",\"url\":\"https:\\\/\\\/antheusadvisors.com\\\/en\\\/points-of-view\\\/\",\"name\":\"Points of view - Antheus Advisors\",\"isPartOf\":{\"@id\":\"https:\\\/\\\/antheusadvisors.com\\\/en\\\/#website\"},\"primaryImageOfPage\":{\"@id\":\"https:\\\/\\\/antheusadvisors.com\\\/en\\\/points-of-view\\\/#primaryimage\"},\"image\":{\"@id\":\"https:\\\/\\\/antheusadvisors.com\\\/en\\\/points-of-view\\\/#primaryimage\"},\"thumbnailUrl\":\"https:\\\/\\\/antheusadvisors.com\\\/wp-content\\\/uploads\\\/2025\\\/09\\\/Points-de-vue-3-scaled.png\",\"datePublished\":\"2025-09-10T16:43:26+00:00\",\"dateModified\":\"2025-09-10T20:48:21+00:00\",\"description\":\"Antheus shares its analyses and positions on major transformation issues. Inspire your decisions with our insights.\",\"breadcrumb\":{\"@id\":\"https:\\\/\\\/antheusadvisors.com\\\/en\\\/points-of-view\\\/#breadcrumb\"},\"inLanguage\":\"en-US\",\"potentialAction\":[{\"@type\":\"ReadAction\",\"target\":[\"https:\\\/\\\/antheusadvisors.com\\\/en\\\/points-of-view\\\/\"]}]},{\"@type\":\"ImageObject\",\"inLanguage\":\"en-US\",\"@id\":\"https:\\\/\\\/antheusadvisors.com\\\/en\\\/points-of-view\\\/#primaryimage\",\"url\":\"https:\\\/\\\/antheusadvisors.com\\\/wp-content\\\/uploads\\\/2025\\\/09\\\/Points-de-vue-3-scaled.png\",\"contentUrl\":\"https:\\\/\\\/antheusadvisors.com\\\/wp-content\\\/uploads\\\/2025\\\/09\\\/Points-de-vue-3-scaled.png\",\"width\":2880,\"height\":1920},{\"@type\":\"BreadcrumbList\",\"@id\":\"https:\\\/\\\/antheusadvisors.com\\\/en\\\/points-of-view\\\/#breadcrumb\",\"itemListElement\":[{\"@type\":\"ListItem\",\"position\":1,\"name\":\"Accueil\",\"item\":\"https:\\\/\\\/antheusadvisors.com\\\/en\\\/\"},{\"@type\":\"ListItem\",\"position\":2,\"name\":\"Points of view\"}]},{\"@type\":\"WebSite\",\"@id\":\"https:\\\/\\\/antheusadvisors.com\\\/en\\\/#website\",\"url\":\"https:\\\/\\\/antheusadvisors.com\\\/en\\\/\",\"name\":\"Antheus Advisors\",\"description\":\"Aider les organisations \u00e0 transformer leur mod\u00e8le op\u00e9rationnel afin de p\u00e9renniser leur mod\u00e8le \u00e9conomique\",\"publisher\":{\"@id\":\"https:\\\/\\\/antheusadvisors.com\\\/en\\\/#organization\"},\"potentialAction\":[{\"@type\":\"SearchAction\",\"target\":{\"@type\":\"EntryPoint\",\"urlTemplate\":\"https:\\\/\\\/antheusadvisors.com\\\/en\\\/?s={search_term_string}\"},\"query-input\":{\"@type\":\"PropertyValueSpecification\",\"valueRequired\":true,\"valueName\":\"search_term_string\"}}],\"inLanguage\":\"en-US\"},{\"@type\":\"Organization\",\"@id\":\"https:\\\/\\\/antheusadvisors.com\\\/en\\\/#organization\",\"name\":\"Antheus Advisors\",\"url\":\"https:\\\/\\\/antheusadvisors.com\\\/en\\\/\",\"logo\":{\"@type\":\"ImageObject\",\"inLanguage\":\"en-US\",\"@id\":\"https:\\\/\\\/antheusadvisors.com\\\/en\\\/#\\\/schema\\\/logo\\\/image\\\/\",\"url\":\"https:\\\/\\\/antheusadvisors.com\\\/wp-content\\\/uploads\\\/2025\\\/06\\\/Logo-Antheus-sans-fond.png\",\"contentUrl\":\"https:\\\/\\\/antheusadvisors.com\\\/wp-content\\\/uploads\\\/2025\\\/06\\\/Logo-Antheus-sans-fond.png\",\"width\":297,\"height\":174,\"caption\":\"Antheus Advisors\"},\"image\":{\"@id\":\"https:\\\/\\\/antheusadvisors.com\\\/en\\\/#\\\/schema\\\/logo\\\/image\\\/\"},\"sameAs\":[\"https:\\\/\\\/www.linkedin.com\\\/company\\\/antheus-advisors\\\/\"]}]}<\/script>\n<!-- \/ Yoast SEO plugin. -->","yoast_head_json":{"title":"Points of view - Antheus Advisors","description":"Antheus shares its analyses and positions on major transformation issues. Inspire your decisions with our insights.","robots":{"index":"index","follow":"follow","max-snippet":"max-snippet:-1","max-image-preview":"max-image-preview:large","max-video-preview":"max-video-preview:-1"},"canonical":"https:\/\/antheusadvisors.com\/en\/points-of-view\/","og_locale":"en_US","og_type":"article","og_title":"Points of view - Antheus Advisors","og_description":"Antheus shares its analyses and positions on major transformation issues. Inspire your decisions with our insights.","og_url":"https:\/\/antheusadvisors.com\/en\/points-of-view\/","og_site_name":"Antheus Advisors","article_modified_time":"2025-09-10T20:48:21+00:00","og_image":[{"width":1024,"height":683,"url":"https:\/\/antheusadvisors.com\/wp-content\/uploads\/2025\/09\/Points-de-vue-3-1024x683.png","type":"image\/png"}],"twitter_card":"summary_large_image","twitter_misc":{"Est. reading time":"8 minutes"},"schema":{"@context":"https:\/\/schema.org","@graph":[{"@type":"WebPage","@id":"https:\/\/antheusadvisors.com\/en\/points-of-view\/","url":"https:\/\/antheusadvisors.com\/en\/points-of-view\/","name":"Points of view - Antheus Advisors","isPartOf":{"@id":"https:\/\/antheusadvisors.com\/en\/#website"},"primaryImageOfPage":{"@id":"https:\/\/antheusadvisors.com\/en\/points-of-view\/#primaryimage"},"image":{"@id":"https:\/\/antheusadvisors.com\/en\/points-of-view\/#primaryimage"},"thumbnailUrl":"https:\/\/antheusadvisors.com\/wp-content\/uploads\/2025\/09\/Points-de-vue-3-scaled.png","datePublished":"2025-09-10T16:43:26+00:00","dateModified":"2025-09-10T20:48:21+00:00","description":"Antheus shares its analyses and positions on major transformation issues. Inspire your decisions with our insights.","breadcrumb":{"@id":"https:\/\/antheusadvisors.com\/en\/points-of-view\/#breadcrumb"},"inLanguage":"en-US","potentialAction":[{"@type":"ReadAction","target":["https:\/\/antheusadvisors.com\/en\/points-of-view\/"]}]},{"@type":"ImageObject","inLanguage":"en-US","@id":"https:\/\/antheusadvisors.com\/en\/points-of-view\/#primaryimage","url":"https:\/\/antheusadvisors.com\/wp-content\/uploads\/2025\/09\/Points-de-vue-3-scaled.png","contentUrl":"https:\/\/antheusadvisors.com\/wp-content\/uploads\/2025\/09\/Points-de-vue-3-scaled.png","width":2880,"height":1920},{"@type":"BreadcrumbList","@id":"https:\/\/antheusadvisors.com\/en\/points-of-view\/#breadcrumb","itemListElement":[{"@type":"ListItem","position":1,"name":"Accueil","item":"https:\/\/antheusadvisors.com\/en\/"},{"@type":"ListItem","position":2,"name":"Points of view"}]},{"@type":"WebSite","@id":"https:\/\/antheusadvisors.com\/en\/#website","url":"https:\/\/antheusadvisors.com\/en\/","name":"Antheus Advisors","description":"Aider les organisations \u00e0 transformer leur mod\u00e8le op\u00e9rationnel afin de p\u00e9renniser leur mod\u00e8le \u00e9conomique","publisher":{"@id":"https:\/\/antheusadvisors.com\/en\/#organization"},"potentialAction":[{"@type":"SearchAction","target":{"@type":"EntryPoint","urlTemplate":"https:\/\/antheusadvisors.com\/en\/?s={search_term_string}"},"query-input":{"@type":"PropertyValueSpecification","valueRequired":true,"valueName":"search_term_string"}}],"inLanguage":"en-US"},{"@type":"Organization","@id":"https:\/\/antheusadvisors.com\/en\/#organization","name":"Antheus Advisors","url":"https:\/\/antheusadvisors.com\/en\/","logo":{"@type":"ImageObject","inLanguage":"en-US","@id":"https:\/\/antheusadvisors.com\/en\/#\/schema\/logo\/image\/","url":"https:\/\/antheusadvisors.com\/wp-content\/uploads\/2025\/06\/Logo-Antheus-sans-fond.png","contentUrl":"https:\/\/antheusadvisors.com\/wp-content\/uploads\/2025\/06\/Logo-Antheus-sans-fond.png","width":297,"height":174,"caption":"Antheus Advisors"},"image":{"@id":"https:\/\/antheusadvisors.com\/en\/#\/schema\/logo\/image\/"},"sameAs":["https:\/\/www.linkedin.com\/company\/antheus-advisors\/"]}]}},"_links":{"self":[{"href":"https:\/\/antheusadvisors.com\/en\/wp-json\/wp\/v2\/pages\/3111","targetHints":{"allow":["GET"]}}],"collection":[{"href":"https:\/\/antheusadvisors.com\/en\/wp-json\/wp\/v2\/pages"}],"about":[{"href":"https:\/\/antheusadvisors.com\/en\/wp-json\/wp\/v2\/types\/page"}],"author":[{"embeddable":true,"href":"https:\/\/antheusadvisors.com\/en\/wp-json\/wp\/v2\/users\/1"}],"replies":[{"embeddable":true,"href":"https:\/\/antheusadvisors.com\/en\/wp-json\/wp\/v2\/comments?post=3111"}],"version-history":[{"count":4,"href":"https:\/\/antheusadvisors.com\/en\/wp-json\/wp\/v2\/pages\/3111\/revisions"}],"predecessor-version":[{"id":3130,"href":"https:\/\/antheusadvisors.com\/en\/wp-json\/wp\/v2\/pages\/3111\/revisions\/3130"}],"wp:featuredmedia":[{"embeddable":true,"href":"https:\/\/antheusadvisors.com\/en\/wp-json\/wp\/v2\/media\/3081"}],"wp:attachment":[{"href":"https:\/\/antheusadvisors.com\/en\/wp-json\/wp\/v2\/media?parent=3111"}],"curies":[{"name":"wp","href":"https:\/\/api.w.org\/{rel}","templated":true}]}}